{"id":9,"date":"2016-03-31T21:07:43","date_gmt":"2016-03-31T20:07:43","guid":{"rendered":"http:\/\/monsieuretienne.com\/v1.0\/?page_id=9"},"modified":"2016-05-17T13:47:32","modified_gmt":"2016-05-17T12:47:32","slug":"histoire","status":"publish","type":"page","link":"http:\/\/www.monsieuretienne.com\/noeudpapillon\/histoire\/","title":{"rendered":"Histoire"},"content":{"rendered":"<div id=\"pl-9\"  class=\"panel-layout\" ><div id=\"pg-9-0\"  class=\"panel-grid panel-no-style\" ><div id=\"pgc-9-0-0\"  class=\"panel-grid-cell\" ><div id=\"panel-9-0-0-0\" class=\"so-panel widget widget_sow-editor panel-first-child panel-last-child\" data-index=\"0\" ><div class=\"so-widget-sow-editor so-widget-sow-editor-base\">\n<div class=\"siteorigin-widget-tinymce textwidget\">\n\t<div id=\"pg-7-0\" class=\"panel-grid\">\n<div id=\"pgc-7-0-0\" class=\"panel-grid-cell\">\n<div id=\"panel-7-0-0-0\" class=\"so-panel widget widget_sow-editor panel-first-child panel-last-child\" data-index=\"0\">\n<div class=\"so-widget-sow-editor so-widget-sow-editor-base\">\n<div class=\"siteorigin-widget-tinymce textwidget\">\n<h1>Histoire\u00a0- Monsieur Etienne - Noeuds papillon fabriqu\u00e9s \u00e0 paris<\/h1>\n<\/div>\n<\/div>\n<\/div>\n<\/div>\n<\/div>\n<\/div>\n<\/div><\/div><\/div><\/div><div id=\"pg-9-1\"  class=\"panel-grid panel-no-style\" ><div id=\"pgc-9-1-0\"  class=\"panel-grid-cell\" ><div id=\"panel-9-1-0-0\" class=\"so-panel widget widget_sow-editor panel-first-child panel-last-child\" data-index=\"1\" ><div class=\"so-widget-sow-editor so-widget-sow-editor-base\"><h3 class=\"widget-title\">Une histoire de savoir-faire<\/h3>\n<div class=\"siteorigin-widget-tinymce textwidget\">\n\t<div class=\"wcp-caption-plugin\" ontouchstart=\"\" data-height=\"responsive\" id=\"wcp-widget-1\" style=\"\">\r\n\t<div class=\"wcp-loading\" style=\"background-image: url(http:\/\/www.monsieuretienne.com\/noeudpapillon\/wp-content\/plugins\/image-caption-hover\/includes\/images\/ajax-loader.gif)\"><\/div>\r\n\t\t\t\t\t<div class=\"image-caption-box\"> \r\n\t        \t<div\r\n\t        \t\tclass=\"caption no-effect captiontext\"\r\n\t        \t\tstyle=\"background-color: #ffffff;\r\n\t        \t\t    color: #000000;\r\n\t        \t\t    opacity: 0.8;\"\r\n\t        \t>\r\n\r\n\t        \t\t<div style=\"display:table;height:100%;width: 100%;\">\r\n\t\t\t    \t\t<div class=\"centered-text\" style=\"text-align: justify; padding: 5px;\">\r\n\t\t\t    \t\t\tMonsieur Etienne est avant tout artisan et il le revendique ! Il r\u00e9alise \u00e0 la main chaque mod\u00e8le.\nSa passion, c'est la couture, et son plaisir, c'est de vous offrir une r\u00e9alisation soign\u00e9e et personnelle, ex\u00e9cut\u00e9e dans les r\u00e8gles du savoir-faire de son m\u00e9tier. \n<br\/>Tous les mod\u00e8les se nouent manuellement (mais sont livr\u00e9s nou\u00e9s... ouf !).\nUn syst\u00e8me de boutonnage (avec un bouton en nacre blanc, symbole de la marque) vous permet de mettre et d'enlever votre n\u0153ud papillon sans le d\u00e9nouer et de l'ajuster \u00e0 votre tour de cou.\t\t\t    \t\t<\/div>\r\n\t\t    \t\t<\/div>\r\n\t        \t<\/div>\r\n\r\n\t\t        \t\t        \t<img class=\"wcp-caption-image img-make-responsive\" src=\"http:\/\/www.monsieuretienne.com\/v1.0\/wp-content\/uploads\/2016\/04\/1-Une-histoire-de-savoir-faire-IMG_1256-internet.jpg\" title=\"Une histoire de savoir-faire\" alt=\"Une histoire de savoir-faire\"\/>\r\n\t\t        \t\t\t<\/div>\r\n\r\n\t    <\/div>\r\n\r\n\n<\/div>\n<\/div><\/div><\/div><div id=\"pgc-9-1-1\"  class=\"panel-grid-cell\" ><div id=\"panel-9-1-1-0\" class=\"so-panel widget widget_sow-editor panel-first-child panel-last-child\" data-index=\"2\" ><div class=\"so-widget-sow-editor so-widget-sow-editor-base\"><h3 class=\"widget-title\">Une histoire de r\u00e9cup'<\/h3>\n<div class=\"siteorigin-widget-tinymce textwidget\">\n\t<div class=\"wcp-caption-plugin\" ontouchstart=\"\" data-height=\"responsive\" id=\"wcp-widget-10\" style=\"\">\r\n\t<div class=\"wcp-loading\" style=\"background-image: url(http:\/\/www.monsieuretienne.com\/noeudpapillon\/wp-content\/plugins\/image-caption-hover\/includes\/images\/ajax-loader.gif)\"><\/div>\r\n\t\t\t\t\t<div class=\"image-caption-box\"> \r\n\t        \t<div\r\n\t        \t\tclass=\"caption no-effect captiontext\"\r\n\t        \t\tstyle=\"background-color: #ffffff;\r\n\t        \t\t    color: #000000;\r\n\t        \t\t    opacity: 0.8;\"\r\n\t        \t>\r\n\r\n\t        \t\t<div style=\"display:table;height:100%;width: 100%;\">\r\n\t\t\t    \t\t<div class=\"centered-text\" style=\"text-align: auto; padding: 5px;\">\r\n\t\t\t    \t\t\tLa d\u00e9marche de Monsieur Etienne, c'est la r\u00e9cup\u00e9ration.<br\/>\n- Les tissus, ce sont des chutes de v\u00eatements, de costumes de spectacle ou de film, des \u00e9chantillons vintage de tapissiers et d'\u00e9diteurs de tissus, des v\u00eatements anciens dans lesquels il recoupe... Ces petits morceaux d'\u00e9toffes, choisis pour leur tr\u00e8s belle qualit\u00e9 et destin\u00e9s initialement \u00e0 \u00eatre d\u00e9truits, ont \u00e9t\u00e9 \"sauv\u00e9s\" et transform\u00e9s.<br\/>\n- En plus des tissus r\u00e9cup\u00e9r\u00e9s, Monsieur Etienne collecte dans son quartier des cartons et des papiers qu'il recycle lui-m\u00eame pour fabriquer les emballages de ses n\u0153uds papillon. <br\/>\n- Mais la r\u00e9cup' \u00e7a prend du temps ! Couper et coudre dans des chutes de tissus et les rabouter, c'est plus long que de travailler avec des mat\u00e9riaux neufs.\t\t\t    \t\t<\/div>\r\n\t\t    \t\t<\/div>\r\n\t        \t<\/div>\r\n\r\n\t\t        \t\t        \t<img class=\"wcp-caption-image img-make-responsive\" src=\"http:\/\/www.monsieuretienne.com\/v1.0\/wp-content\/uploads\/2016\/04\/2-Une-histoire-de-r\u00e9cup-IMG_3289-e1461444230926.jpg\" title=\"Une histoire de r\u00e9cup\" alt=\"Une histoire de r\u00e9cup\"\/>\r\n\t\t        \t\t\t<\/div>\r\n\r\n\t    <\/div>\r\n\r\n\n<\/div>\n<\/div><\/div><\/div><\/div><div id=\"pg-9-2\"  class=\"panel-grid panel-no-style\" ><div id=\"pgc-9-2-0\"  class=\"panel-grid-cell\" ><div id=\"panel-9-2-0-0\" class=\"so-panel widget widget_sow-editor panel-first-child panel-last-child\" data-index=\"3\" ><div class=\"so-widget-sow-editor so-widget-sow-editor-base\"><h3 class=\"widget-title\">Une histoire de spectacle<\/h3>\n<div class=\"siteorigin-widget-tinymce textwidget\">\n\t<div class=\"wcp-caption-plugin\" ontouchstart=\"\" data-height=\"responsive\" id=\"wcp-widget-5\" style=\"\">\r\n\t<div class=\"wcp-loading\" style=\"background-image: url(http:\/\/www.monsieuretienne.com\/noeudpapillon\/wp-content\/plugins\/image-caption-hover\/includes\/images\/ajax-loader.gif)\"><\/div>\r\n\t\t\t\t\t<div class=\"image-caption-box\"> \r\n\t        \t<div\r\n\t        \t\tclass=\"caption no-effect captiontext\"\r\n\t        \t\tstyle=\"background-color: #ffffff;\r\n\t        \t\t    color: #000000;\r\n\t        \t\t    opacity: 0.8;\"\r\n\t        \t>\r\n\r\n\t        \t\t<div style=\"display:table;height:100%;width: 100%;\">\r\n\t\t\t    \t\t<div class=\"centered-text\" style=\"text-align: justify; padding: 5px;\">\r\n\t\t\t    \t\t\tEn plus de cr\u00e9er des n\u0153uds papillon, Monsieur Etienne est costumier de spectacle. Son DMA (Dipl\u00f4me des M\u00e9tiers d\u2019Art) costumier-r\u00e9alisateur en poche, il termine sa formation \u00e0 l\u2019ENSATT (Ecole Nationale Sup\u00e9rieure des Arts et Techniques du Th\u00e9\u00e2tre) \u00e0 Lyon puis revient \u00e0 Paris. Depuis dix ans, il coud dans les ateliers des th\u00e9\u00e2tres parisiens (Op\u00e9ra de Paris, Th\u00e9\u00e2tre du Ch\u00e2telet, Com\u00e9die Fran\u00e7aise,...). C'est aussi \u00e0 partir de chutes d\u2019ateliers de costumes que certains mod\u00e8les sont cr\u00e9\u00e9s.\t\t\t    \t\t<\/div>\r\n\t\t    \t\t<\/div>\r\n\t        \t<\/div>\r\n\r\n\t\t        \t\t        \t<img class=\"wcp-caption-image img-make-responsive\" src=\"http:\/\/www.monsieuretienne.com\/v1.0\/wp-content\/uploads\/2016\/04\/Une-histoire-de-spectacle-e1460900959668.jpg\" title=\"Une histoire de spectacle\" alt=\"Une histoire de spectacle\"\/>\r\n\t\t        \t\t\t<\/div>\r\n\r\n\t    <\/div>\r\n\r\n\n<\/div>\n<\/div><\/div><\/div><div id=\"pgc-9-2-1\"  class=\"panel-grid-cell\" ><div id=\"panel-9-2-1-0\" class=\"so-panel widget widget_sow-editor panel-first-child panel-last-child\" data-index=\"4\" ><div class=\"so-widget-sow-editor so-widget-sow-editor-base\"><h3 class=\"widget-title\">Une histoire de famille<\/h3>\n<div class=\"siteorigin-widget-tinymce textwidget\">\n\t<div class=\"wcp-caption-plugin\" ontouchstart=\"\" data-height=\"responsive\" id=\"wcp-widget-4\" style=\"\">\r\n\t<div class=\"wcp-loading\" style=\"background-image: url(http:\/\/www.monsieuretienne.com\/noeudpapillon\/wp-content\/plugins\/image-caption-hover\/includes\/images\/ajax-loader.gif)\"><\/div>\r\n\t\t\t\t\t<div class=\"image-caption-box\"> \r\n\t        \t<div\r\n\t        \t\tclass=\"caption no-effect captiontext\"\r\n\t        \t\tstyle=\"background-color: #ffffff;\r\n\t        \t\t    color: #000000;\r\n\t        \t\t    opacity: 0.8;\"\r\n\t        \t>\r\n\r\n\t        \t\t<div style=\"display:table;height:100%;width: 100%;\">\r\n\t\t\t    \t\t<div class=\"centered-text\" style=\"text-align: justify; padding: 5px;\">\r\n\t\t\t    \t\t\tMonsieur Etienne est tomb\u00e9 dans la marmite quand il \u00e9tait petit. La couture, il l'a tout d'abord apprise enfant avec sa grand-m\u00e8re Catherine, couturi\u00e8re parisienne. C'est elle qui la premi\u00e8re lui a mis, \u00e0 5 ans, du fil et une aiguille dans les mains et depuis il ne les a pas l\u00e2ch\u00e9s.<br\/> Cette histoire vit \u00e0 travers ses n\u0153uds papillon, dont certains mod\u00e8les sont cousus \u00e0 partir de chutes de tissus vintage des commandes que r\u00e9alisait sa grand-m\u00e8re.\t\t\t    \t\t<\/div>\r\n\t\t    \t\t<\/div>\r\n\t        \t<\/div>\r\n\r\n\t\t        \t\t        \t<img class=\"wcp-caption-image img-make-responsive\" src=\"http:\/\/www.monsieuretienne.com\/v1.0\/wp-content\/uploads\/2016\/04\/4-Une-histoire-de-famille-retouch\u00e9e-e1461189944372.jpg\" title=\"Une histoire de famille\" alt=\"Une histoire de famille\"\/>\r\n\t\t        \t\t\t<\/div>\r\n\r\n\t    <\/div>\r\n\r\n\n<\/div>\n<\/div><\/div><\/div><\/div><div id=\"pg-9-3\"  class=\"panel-grid panel-no-style\" ><div id=\"pgc-9-3-0\"  class=\"panel-grid-cell\" ><div id=\"panel-9-3-0-0\" class=\"so-panel widget widget_sow-editor panel-first-child panel-last-child\" data-index=\"5\" ><div class=\"so-widget-sow-editor so-widget-sow-editor-base\"><h3 class=\"widget-title\">Une histoire d'engagement<\/h3>\n<div class=\"siteorigin-widget-tinymce textwidget\">\n\t<div class=\"wcp-caption-plugin\" ontouchstart=\"\" data-height=\"responsive\" id=\"wcp-widget-9\" style=\"\">\r\n\t<div class=\"wcp-loading\" style=\"background-image: url(http:\/\/www.monsieuretienne.com\/noeudpapillon\/wp-content\/plugins\/image-caption-hover\/includes\/images\/ajax-loader.gif)\"><\/div>\r\n\t\t\t\t\t<div class=\"image-caption-box\"> \r\n\t        \t<div\r\n\t        \t\tclass=\"caption no-effect captiontext\"\r\n\t        \t\tstyle=\"background-color: #ffffff;\r\n\t        \t\t    color: #000000;\r\n\t        \t\t    opacity: 0.8;\"\r\n\t        \t>\r\n\r\n\t        \t\t<div style=\"display:table;height:100%;width: 100%;\">\r\n\t\t\t    \t\t<div class=\"centered-text\" style=\"text-align: auto; padding: 5px;\">\r\n\t\t\t    \t\t\tMonsieur Etienne, c'est surtout une marque engag\u00e9e dans une d\u00e9marche de production \u00e9coresponsable :<br\/> - Des circuits courts avec une fabrication 100 % parisienne et des d\u00e9placements \u00e0 v\u00e9lo uniquement pour toutes les pr\u00e9sentations. (Monsieur Etienne est un cycliste convaincu qui ne compte ni le temps ni les kilom\u00e8tres pour diminuer l'empreinte carbone !)<br\/> - Pas de suremballage ! une pr\u00e9sentation \u00e9l\u00e9gante et simple, 100 % recyclable (que du carton, pas de plastique chez nous !) et 100 % recycl\u00e9e fabriqu\u00e9e \u00e0 partir de cartons collect\u00e9s dans le quartier.<br\/> - Un maximum de r\u00e9cup\u00e9ration de tissus pour ne rien jeter, ne rien g\u00e2cher et utiliser les mat\u00e9riaux d'une fa\u00e7on tr\u00e8s raisonn\u00e9e proche du z\u00e9ro d\u00e9chet.\t\t\t    \t\t<\/div>\r\n\t\t    \t\t<\/div>\r\n\t        \t<\/div>\r\n\r\n\t\t        \t\t        \t<img class=\"wcp-caption-image img-make-responsive\" src=\"http:\/\/www.monsieuretienne.com\/v1.0\/wp-content\/uploads\/2016\/04\/6-Une-histoire-dengagement-IMG_3270-e1461099239467.jpg\" title=\"Une histoire d engagement\" alt=\"Une histoire d engagement\"\/>\r\n\t\t        \t\t\t<\/div>\r\n\r\n\t    <\/div>\r\n\r\n\n<\/div>\n<\/div><\/div><\/div><div id=\"pgc-9-3-1\"  class=\"panel-grid-cell\" ><div id=\"panel-9-3-1-0\" class=\"so-panel widget widget_sow-editor panel-first-child panel-last-child\" data-index=\"6\" ><div class=\"so-widget-sow-editor so-widget-sow-editor-base\"><h3 class=\"widget-title\">Une histoire de quartier<\/h3>\n<div class=\"siteorigin-widget-tinymce textwidget\">\n\t<div class=\"wcp-caption-plugin\" ontouchstart=\"\" data-height=\"responsive\" id=\"wcp-widget-3\" style=\"\">\r\n\t<div class=\"wcp-loading\" style=\"background-image: url(http:\/\/www.monsieuretienne.com\/noeudpapillon\/wp-content\/plugins\/image-caption-hover\/includes\/images\/ajax-loader.gif)\"><\/div>\r\n\t\t\t\t\t<div class=\"image-caption-box\"> \r\n\t        \t<div\r\n\t        \t\tclass=\"caption no-effect captiontext\"\r\n\t        \t\tstyle=\"background-color: #ffffff;\r\n\t        \t\t    color: #000000;\r\n\t        \t\t    opacity: 0.8;\"\r\n\t        \t>\r\n\r\n\t        \t\t<div style=\"display:table;height:100%;width: 100%;\">\r\n\t\t\t    \t\t<div class=\"centered-text\" style=\"text-align: justify; padding: 5px;\">\r\n\t\t\t    \t\t\tC'est dans le 17e arrondissement de Paris, au c\u0153ur du quartier des Batignolles que vous trouverez l'atelier de Monsieur Etienne o\u00f9 tous les mod\u00e8les sont cousus \u00e0 la main. Sa famille est install\u00e9e dans le quartier depuis bient\u00f4t 100 ans. La marque est n\u00e9e dans ce quartier avec le soutien de nombreux amis et voisins ainsi que de commer\u00e7ants fournisseurs ou partenaires.\t\t\t    \t\t<\/div>\r\n\t\t    \t\t<\/div>\r\n\t        \t<\/div>\r\n\r\n\t\t        \t\t        \t<img class=\"wcp-caption-image img-make-responsive\" src=\"http:\/\/www.monsieuretienne.com\/v1.0\/wp-content\/uploads\/2016\/04\/Une-histoire-de-quartier-e1461431425414.jpg\" title=\"Une histoire de quartier\" alt=\"Une histoire de quartier\"\/>\r\n\t\t        \t\t\t<\/div>\r\n\r\n\t    <\/div>\r\n\r\n\n<\/div>\n<\/div><\/div><\/div><\/div><div id=\"pg-9-4\"  class=\"panel-grid panel-no-style\" ><div id=\"pgc-9-4-0\"  class=\"panel-grid-cell panel-grid-cell-empty\" ><\/div><div id=\"pgc-9-4-1\"  class=\"panel-grid-cell panel-grid-cell-mobile-last\" ><div id=\"panel-9-4-1-0\" class=\"so-panel widget widget_sow-editor panel-first-child panel-last-child\" data-index=\"7\" ><div class=\"so-widget-sow-editor so-widget-sow-editor-base\"><h3 class=\"widget-title\">Une histoire unique<\/h3>\n<div class=\"siteorigin-widget-tinymce textwidget\">\n\t<div class=\"wcp-caption-plugin\" ontouchstart=\"\" data-height=\"responsive\" id=\"wcp-widget-8\" style=\"\">\r\n\t<div class=\"wcp-loading\" style=\"background-image: url(http:\/\/www.monsieuretienne.com\/noeudpapillon\/wp-content\/plugins\/image-caption-hover\/includes\/images\/ajax-loader.gif)\"><\/div>\r\n\t\t\t\t\t<div class=\"image-caption-box\"> \r\n\t        \t<div\r\n\t        \t\tclass=\"caption no-effect captiontext\"\r\n\t        \t\tstyle=\"background-color: #ffffff;\r\n\t        \t\t    color: #000000;\r\n\t        \t\t    opacity: 0.8;\"\r\n\t        \t>\r\n\r\n\t        \t\t<div style=\"display:table;height:100%;width: 100%;\">\r\n\t\t\t    \t\t<div class=\"centered-text\" style=\"text-align: justify; padding: 5px;\">\r\n\t\t\t    \t\t\tLes chutes, c'est petit ! Chaque mod\u00e8le de la collection est r\u00e9alis\u00e9 en s\u00e9rie tr\u00e8s limit\u00e9e voire en pi\u00e8ce unique. Les mod\u00e8les changent donc r\u00e9guli\u00e8rement. Alors revenez souvent !\t\t\t    \t\t<\/div>\r\n\t\t    \t\t<\/div>\r\n\t        \t<\/div>\r\n\r\n\t\t        \t\t        \t<img class=\"wcp-caption-image img-make-responsive\" src=\"http:\/\/www.monsieuretienne.com\/v1.0\/wp-content\/uploads\/2016\/04\/7-Une-histoire-unique.jpg\" title=\"Une histoire unique\" alt=\"Une histoire unique\"\/>\r\n\t\t        \t\t\t<\/div>\r\n\r\n\t    <\/div>\r\n\r\n\n<\/div>\n<\/div><\/div><\/div><div id=\"pgc-9-4-2\"  class=\"panel-grid-cell panel-grid-cell-empty\" ><\/div><\/div><\/div>","protected":false},"excerpt":{"rendered":"<p>Histoire\u00a0&#8211; Monsieur Etienne &#8211; Noeuds papillon fabriqu\u00e9s \u00e0 paris<\/p>\n","protected":false},"author":1,"featured_media":0,"parent":0,"menu_order":0,"comment_status":"closed","ping_status":"closed","template":"template-without-title.php","meta":[],"yoast_head":"<!-- This site is optimized with the Yoast SEO plugin v15.3 - https:\/\/yoast.com\/wordpress\/plugins\/seo\/ -->\n<title>L&#039;histoire de Monsieur Etienne - N\u0153uds papillon<\/title>\n<meta name=\"description\" content=\"Monsieur Etienne - n\u0153uds papillon - une histoire de savoir-faire, de r\u00e9cup\u00e9ration, de spectacle, de famille, d&#039;engagement, de quartier\" \/>\n<meta name=\"robots\" content=\"index, follow, max-snippet:-1, max-image-preview:large, max-video-preview:-1\" \/>\n<link rel=\"canonical\" href=\"http:\/\/www.monsieuretienne.com\/noeudpapillon\/histoire\/\" \/>\n<meta property=\"og:locale\" content=\"fr_FR\" \/>\n<meta property=\"og:type\" content=\"article\" \/>\n<meta property=\"og:title\" content=\"L&#039;histoire de Monsieur Etienne - N\u0153uds papillon\" \/>\n<meta property=\"og:description\" content=\"Monsieur Etienne - n\u0153uds papillon - une histoire de savoir-faire, de r\u00e9cup\u00e9ration, de spectacle, de famille, d&#039;engagement, de quartier\" \/>\n<meta property=\"og:url\" content=\"http:\/\/www.monsieuretienne.com\/noeudpapillon\/histoire\/\" \/>\n<meta property=\"og:site_name\" content=\"Monsieur Etienne\" \/>\n<meta property=\"article:publisher\" content=\"http:\/\/facebook.com\/monsieuretienne.paris\" \/>\n<meta property=\"article:modified_time\" content=\"2016-05-17T12:47:32+00:00\" \/>\n<meta property=\"og:image\" content=\"http:\/\/www.monsieuretienne.com\/v1.0\/wp-content\/uploads\/2016\/04\/1-Une-histoire-de-savoir-faire-IMG_1256-internet.jpg\" \/>\n<meta name=\"twitter:label1\" content=\"\u00c9crit par\">\n\t<meta name=\"twitter:data1\" content=\"sylvain\">\n\t<meta name=\"twitter:label2\" content=\"Dur\u00e9e de lecture est.\">\n\t<meta name=\"twitter:data2\" content=\"3 minutes\">\n<script type=\"application\/ld+json\" class=\"yoast-schema-graph\">{\"@context\":\"https:\/\/schema.org\",\"@graph\":[{\"@type\":\"WebSite\",\"@id\":\"http:\/\/www.monsieuretienne.com\/noeudpapillon\/#website\",\"url\":\"http:\/\/www.monsieuretienne.com\/noeudpapillon\/\",\"name\":\"Monsieur Etienne\",\"description\":\"Noeuds papillon fabriqu\\u00e9s \\u00e0 Paris\",\"potentialAction\":[{\"@type\":\"SearchAction\",\"target\":\"http:\/\/www.monsieuretienne.com\/noeudpapillon\/?s={search_term_string}\",\"query-input\":\"required name=search_term_string\"}],\"inLanguage\":\"fr-FR\"},{\"@type\":\"ImageObject\",\"@id\":\"http:\/\/www.monsieuretienne.com\/noeudpapillon\/histoire\/#primaryimage\",\"inLanguage\":\"fr-FR\",\"url\":\"http:\/\/www.monsieuretienne.com\/v1.0\/wp-content\/uploads\/2016\/04\/1-Une-histoire-de-savoir-faire-IMG_1256-internet.jpg\"},{\"@type\":\"WebPage\",\"@id\":\"http:\/\/www.monsieuretienne.com\/noeudpapillon\/histoire\/#webpage\",\"url\":\"http:\/\/www.monsieuretienne.com\/noeudpapillon\/histoire\/\",\"name\":\"L'histoire de Monsieur Etienne - N\\u0153uds papillon\",\"isPartOf\":{\"@id\":\"http:\/\/www.monsieuretienne.com\/noeudpapillon\/#website\"},\"primaryImageOfPage\":{\"@id\":\"http:\/\/www.monsieuretienne.com\/noeudpapillon\/histoire\/#primaryimage\"},\"datePublished\":\"2016-03-31T20:07:43+00:00\",\"dateModified\":\"2016-05-17T12:47:32+00:00\",\"description\":\"Monsieur Etienne - n\\u0153uds papillon - une histoire de savoir-faire, de r\\u00e9cup\\u00e9ration, de spectacle, de famille, d'engagement, de quartier\",\"inLanguage\":\"fr-FR\",\"potentialAction\":[{\"@type\":\"ReadAction\",\"target\":[\"http:\/\/www.monsieuretienne.com\/noeudpapillon\/histoire\/\"]}]}]}<\/script>\n<!-- \/ Yoast SEO plugin. -->","_links":{"self":[{"href":"http:\/\/www.monsieuretienne.com\/noeudpapillon\/wp-json\/wp\/v2\/pages\/9"}],"collection":[{"href":"http:\/\/www.monsieuretienne.com\/noeudpapillon\/wp-json\/wp\/v2\/pages"}],"about":[{"href":"http:\/\/www.monsieuretienne.com\/noeudpapillon\/wp-json\/wp\/v2\/types\/page"}],"author":[{"embeddable":true,"href":"http:\/\/www.monsieuretienne.com\/noeudpapillon\/wp-json\/wp\/v2\/users\/1"}],"replies":[{"embeddable":true,"href":"http:\/\/www.monsieuretienne.com\/noeudpapillon\/wp-json\/wp\/v2\/comments?post=9"}],"version-history":[{"count":45,"href":"http:\/\/www.monsieuretienne.com\/noeudpapillon\/wp-json\/wp\/v2\/pages\/9\/revisions"}],"predecessor-version":[{"id":833,"href":"http:\/\/www.monsieuretienne.com\/noeudpapillon\/wp-json\/wp\/v2\/pages\/9\/revisions\/833"}],"wp:attachment":[{"href":"http:\/\/www.monsieuretienne.com\/noeudpapillon\/wp-json\/wp\/v2\/media?parent=9"}],"curies":[{"name":"wp","href":"https:\/\/api.w.org\/{rel}","templated":true}]}}