{"id":569,"date":"2016-04-17T19:50:25","date_gmt":"2016-04-17T18:50:25","guid":{"rendered":"http:\/\/www.monsieuretienne.com\/v1.0\/produit\/bu-02\/"},"modified":"2017-02-13T20:42:36","modified_gmt":"2017-02-13T19:42:36","slug":"bu02","status":"publish","type":"product","link":"http:\/\/www.monsieuretienne.com\/noeudpapillon\/produit\/bu02\/","title":{"rendered":"BU 02"},"content":{"rendered":"","protected":false},"excerpt":{"rendered":"<h2>R\u00e9f\u00e9rence : BU 02<\/h2>\n<p>&nbsp;<\/p>\n<p>Tissu : toile de coton glac\u00e9e vieux rose<\/p>\n<p>Fermeture : bouton de nacre et boutonni\u00e8res<\/p>\n<p>Tour de cou r\u00e9glable : 37-45 cm\u00a0(dimensions indicatives pouvant varier l\u00e9g\u00e8rement)<br \/>\nRetouche gratuite possible si cou fort ou tr\u00e8s fin<\/p>\n<p>Entretien : d\u00e9nouer et\u00a0laver \u00e0 la main<\/p>\n<p>S\u00e9rie limit\u00e9e \u00e0 9\u00a0exemplaires<\/p>\n<p>N\u0153ud papillon livr\u00e9 nou\u00e9, fabriqu\u00e9 \u00e0 la main et avec amour par Monsieur Etienne dans son atelier parisien.<\/p>\n","protected":false},"featured_media":611,"template":"","meta":[],"yoast_head":"<!-- This site is optimized with the Yoast SEO plugin v15.3 - https:\/\/yoast.com\/wordpress\/plugins\/seo\/ -->\n<title>N\u0153ud papillon BU 02 - Monsieur Etienne<\/title>\n<meta name=\"robots\" content=\"index, follow, max-snippet:-1, max-image-preview:large, max-video-preview:-1\" \/>\n<link rel=\"canonical\" href=\"http:\/\/www.monsieuretienne.com\/noeudpapillon\/produit\/bu02\/\" \/>\n<meta property=\"og:locale\" content=\"fr_FR\" \/>\n<meta property=\"og:type\" content=\"article\" \/>\n<meta property=\"og:title\" content=\"N\u0153ud papillon BU 02 - Monsieur Etienne\" \/>\n<meta property=\"og:description\" content=\"R\u00e9f\u00e9rence : BU 02 &nbsp;  Tissu : toile de coton glac\u00e9e vieux rose  Fermeture : bouton de nacre et boutonni\u00e8res  Tour de cou r\u00e9glable : 37-45 cm\u00a0(dimensions indicatives pouvant varier l\u00e9g\u00e8rement) Retouche gratuite possible si cou fort ou tr\u00e8s fin  Entretien : d\u00e9nouer et\u00a0laver \u00e0 la main  S\u00e9rie limit\u00e9e \u00e0 9\u00a0exemplaires  N\u0153ud papillon livr\u00e9 nou\u00e9, fabriqu\u00e9 \u00e0 la main et avec amour par Monsieur Etienne dans son atelier parisien.\" \/>\n<meta property=\"og:url\" content=\"http:\/\/www.monsieuretienne.com\/noeudpapillon\/produit\/bu02\/\" \/>\n<meta property=\"og:site_name\" content=\"Monsieur Etienne\" \/>\n<meta property=\"article:publisher\" content=\"http:\/\/facebook.com\/monsieuretienne.paris\" \/>\n<meta property=\"article:modified_time\" content=\"2017-02-13T19:42:36+00:00\" \/>\n<meta property=\"og:image\" content=\"http:\/\/www.monsieuretienne.com\/noeudpapillon\/wp-content\/uploads\/2016\/04\/BU-02-IMG_1940-1.jpg\" \/>\n\t<meta property=\"og:image:width\" content=\"1200\" \/>\n\t<meta property=\"og:image:height\" content=\"800\" \/>\n<meta name=\"twitter:label1\" content=\"\u00c9crit par\">\n\t<meta name=\"twitter:data1\" content=\"etienne\">\n<script type=\"application\/ld+json\" class=\"yoast-schema-graph\">{\"@context\":\"https:\/\/schema.org\",\"@graph\":[{\"@type\":\"WebSite\",\"@id\":\"http:\/\/www.monsieuretienne.com\/noeudpapillon\/#website\",\"url\":\"http:\/\/www.monsieuretienne.com\/noeudpapillon\/\",\"name\":\"Monsieur Etienne\",\"description\":\"Noeuds papillon fabriqu\\u00e9s \\u00e0 Paris\",\"potentialAction\":[{\"@type\":\"SearchAction\",\"target\":\"http:\/\/www.monsieuretienne.com\/noeudpapillon\/?s={search_term_string}\",\"query-input\":\"required name=search_term_string\"}],\"inLanguage\":\"fr-FR\"},{\"@type\":\"ImageObject\",\"@id\":\"http:\/\/www.monsieuretienne.com\/noeudpapillon\/produit\/bu02\/#primaryimage\",\"inLanguage\":\"fr-FR\",\"url\":\"http:\/\/www.monsieuretienne.com\/noeudpapillon\/wp-content\/uploads\/2016\/04\/BU-02-IMG_1940-1.jpg\",\"width\":1200,\"height\":800},{\"@type\":\"WebPage\",\"@id\":\"http:\/\/www.monsieuretienne.com\/noeudpapillon\/produit\/bu02\/#webpage\",\"url\":\"http:\/\/www.monsieuretienne.com\/noeudpapillon\/produit\/bu02\/\",\"name\":\"N\\u0153ud papillon BU 02 - Monsieur Etienne\",\"isPartOf\":{\"@id\":\"http:\/\/www.monsieuretienne.com\/noeudpapillon\/#website\"},\"primaryImageOfPage\":{\"@id\":\"http:\/\/www.monsieuretienne.com\/noeudpapillon\/produit\/bu02\/#primaryimage\"},\"datePublished\":\"2016-04-17T18:50:25+00:00\",\"dateModified\":\"2017-02-13T19:42:36+00:00\",\"inLanguage\":\"fr-FR\",\"potentialAction\":[{\"@type\":\"ReadAction\",\"target\":[\"http:\/\/www.monsieuretienne.com\/noeudpapillon\/produit\/bu02\/\"]}]}]}<\/script>\n<!-- \/ Yoast SEO plugin. -->","_links":{"self":[{"href":"http:\/\/www.monsieuretienne.com\/noeudpapillon\/wp-json\/wp\/v2\/product\/569"}],"collection":[{"href":"http:\/\/www.monsieuretienne.com\/noeudpapillon\/wp-json\/wp\/v2\/product"}],"about":[{"href":"http:\/\/www.monsieuretienne.com\/noeudpapillon\/wp-json\/wp\/v2\/types\/product"}],"wp:featuredmedia":[{"embeddable":true,"href":"http:\/\/www.monsieuretienne.com\/noeudpapillon\/wp-json\/wp\/v2\/media\/611"}],"wp:attachment":[{"href":"http:\/\/www.monsieuretienne.com\/noeudpapillon\/wp-json\/wp\/v2\/media?parent=569"}],"curies":[{"name":"wp","href":"https:\/\/api.w.org\/{rel}","templated":true}]}}