{"id":570,"date":"2016-04-17T19:59:06","date_gmt":"2016-04-17T18:59:06","guid":{"rendered":"http:\/\/www.monsieuretienne.com\/v1.0\/produit\/bu-03\/"},"modified":"2017-06-27T22:41:50","modified_gmt":"2017-06-27T21:41:50","slug":"bu03","status":"publish","type":"product","link":"http:\/\/www.monsieuretienne.com\/noeudpapillon\/produit\/bu03\/","title":{"rendered":"BU 03"},"content":{"rendered":"","protected":false},"excerpt":{"rendered":"<h2>R\u00e9f\u00e9rence : BU 03<\/h2>\n<p>&nbsp;<\/p>\n<p>Tissu : toile de coton\u00a0bleu imprim\u00e9e<\/p>\n<p>Doublure : toile de coton bleu unie<\/p>\n<p>Fermeture : bouton de nacre et boutonni\u00e8res<\/p>\n<p>Tour de cou r\u00e9glable : 37-45 cm\u00a0(dimensions indicatives pouvant varier l\u00e9g\u00e8rement)<br \/>\nRetouche gratuite possible si cou fort ou tr\u00e8s fin<\/p>\n<p>Entretien : d\u00e9nouer et\u00a0laver \u00e0 la main<\/p>\n<p>S\u00e9rie limit\u00e9e \u00e0 5\u00a0exemplaires<\/p>\n<p>N\u0153ud papillon livr\u00e9 nou\u00e9, fabriqu\u00e9 \u00e0 la main et avec amour par Monsieur Etienne dans son atelier parisien.<\/p>\n","protected":false},"featured_media":1058,"template":"","meta":[],"yoast_head":"<!-- This site is optimized with the Yoast SEO plugin v15.3 - https:\/\/yoast.com\/wordpress\/plugins\/seo\/ -->\n<title>N\u0153ud papillon BU 03 - Monsieur Etienne<\/title>\n<meta name=\"robots\" content=\"index, follow, max-snippet:-1, max-image-preview:large, max-video-preview:-1\" \/>\n<link rel=\"canonical\" href=\"https:\/\/www.monsieuretienne.com\/noeudpapillon\/produit\/bu03\/\" \/>\n<meta property=\"og:locale\" content=\"fr_FR\" \/>\n<meta property=\"og:type\" content=\"article\" \/>\n<meta property=\"og:title\" content=\"N\u0153ud papillon BU 03 - Monsieur Etienne\" \/>\n<meta property=\"og:description\" content=\"R\u00e9f\u00e9rence : BU 03 &nbsp;  Tissu : toile de coton\u00a0bleu imprim\u00e9e  Doublure : toile de coton bleu unie  Fermeture : bouton de nacre et boutonni\u00e8res  Tour de cou r\u00e9glable : 37-45 cm\u00a0(dimensions indicatives pouvant varier l\u00e9g\u00e8rement) Retouche gratuite possible si cou fort ou tr\u00e8s fin  Entretien : d\u00e9nouer et\u00a0laver \u00e0 la main  S\u00e9rie limit\u00e9e \u00e0 5\u00a0exemplaires  N\u0153ud papillon livr\u00e9 nou\u00e9, fabriqu\u00e9 \u00e0 la main et avec amour par Monsieur Etienne dans son atelier parisien.\" \/>\n<meta property=\"og:url\" content=\"https:\/\/www.monsieuretienne.com\/noeudpapillon\/produit\/bu03\/\" \/>\n<meta property=\"og:site_name\" content=\"Monsieur Etienne\" \/>\n<meta property=\"article:publisher\" content=\"http:\/\/facebook.com\/monsieuretienne.paris\" \/>\n<meta property=\"article:modified_time\" content=\"2017-06-27T21:41:50+00:00\" \/>\n<meta property=\"og:image\" content=\"http:\/\/www.monsieuretienne.com\/noeudpapillon\/wp-content\/uploads\/2016\/11\/IMG_4848-1.jpg\" \/>\n\t<meta property=\"og:image:width\" content=\"1200\" \/>\n\t<meta property=\"og:image:height\" content=\"800\" \/>\n<meta name=\"twitter:label1\" content=\"\u00c9crit par\">\n\t<meta name=\"twitter:data1\" content=\"etienne\">\n<script type=\"application\/ld+json\" class=\"yoast-schema-graph\">{\"@context\":\"https:\/\/schema.org\",\"@graph\":[{\"@type\":\"WebSite\",\"@id\":\"http:\/\/www.monsieuretienne.com\/noeudpapillon\/#website\",\"url\":\"http:\/\/www.monsieuretienne.com\/noeudpapillon\/\",\"name\":\"Monsieur Etienne\",\"description\":\"Noeuds papillon fabriqu\\u00e9s \\u00e0 Paris\",\"potentialAction\":[{\"@type\":\"SearchAction\",\"target\":\"http:\/\/www.monsieuretienne.com\/noeudpapillon\/?s={search_term_string}\",\"query-input\":\"required name=search_term_string\"}],\"inLanguage\":\"fr-FR\"},{\"@type\":\"ImageObject\",\"@id\":\"https:\/\/www.monsieuretienne.com\/noeudpapillon\/produit\/bu03\/#primaryimage\",\"inLanguage\":\"fr-FR\",\"url\":\"http:\/\/www.monsieuretienne.com\/noeudpapillon\/wp-content\/uploads\/2016\/11\/IMG_4848-1.jpg\",\"width\":1200,\"height\":800,\"caption\":\"Noeud papillon BU03\"},{\"@type\":\"WebPage\",\"@id\":\"https:\/\/www.monsieuretienne.com\/noeudpapillon\/produit\/bu03\/#webpage\",\"url\":\"https:\/\/www.monsieuretienne.com\/noeudpapillon\/produit\/bu03\/\",\"name\":\"N\\u0153ud papillon BU 03 - Monsieur Etienne\",\"isPartOf\":{\"@id\":\"http:\/\/www.monsieuretienne.com\/noeudpapillon\/#website\"},\"primaryImageOfPage\":{\"@id\":\"https:\/\/www.monsieuretienne.com\/noeudpapillon\/produit\/bu03\/#primaryimage\"},\"datePublished\":\"2016-04-17T18:59:06+00:00\",\"dateModified\":\"2017-06-27T21:41:50+00:00\",\"inLanguage\":\"fr-FR\",\"potentialAction\":[{\"@type\":\"ReadAction\",\"target\":[\"https:\/\/www.monsieuretienne.com\/noeudpapillon\/produit\/bu03\/\"]}]}]}<\/script>\n<!-- \/ Yoast SEO plugin. -->","_links":{"self":[{"href":"http:\/\/www.monsieuretienne.com\/noeudpapillon\/wp-json\/wp\/v2\/product\/570"}],"collection":[{"href":"http:\/\/www.monsieuretienne.com\/noeudpapillon\/wp-json\/wp\/v2\/product"}],"about":[{"href":"http:\/\/www.monsieuretienne.com\/noeudpapillon\/wp-json\/wp\/v2\/types\/product"}],"wp:featuredmedia":[{"embeddable":true,"href":"http:\/\/www.monsieuretienne.com\/noeudpapillon\/wp-json\/wp\/v2\/media\/1058"}],"wp:attachment":[{"href":"http:\/\/www.monsieuretienne.com\/noeudpapillon\/wp-json\/wp\/v2\/media?parent=570"}],"curies":[{"name":"wp","href":"https:\/\/api.w.org\/{rel}","templated":true}]}}